{"id":16,"date":"2018-06-03T19:32:32","date_gmt":"2018-06-03T18:32:32","guid":{"rendered":"https:\/\/physio-vitalis-elmshorn.de\/?page_id=16"},"modified":"2025-06-05T16:28:39","modified_gmt":"2025-06-05T15:28:39","slug":"krankengymnastik","status":"publish","type":"page","link":"https:\/\/physio-vitalis-elmshorn.de\/?page_id=16","title":{"rendered":"Krankengymnastik"},"content":{"rendered":"<div class=\"style\">\n<p class=\"paragraph_style_1\">Physiotherapie \/ Krankengymnastik<\/p>\n<p class=\"paragraph_style_1\"><span class=\"style_1\"><img decoding=\"async\" loading=\"lazy\" class=\"alignnone size-medium wp-image-23\" src=\"https:\/\/physio-vitalis-elmshorn.de\/wp-content\/uploads\/2018\/06\/shapeimage_3-300x225.png\" alt=\"\" width=\"300\" height=\"225\" srcset=\"https:\/\/physio-vitalis-elmshorn.de\/wp-content\/uploads\/2018\/06\/shapeimage_3-300x225.png 300w, https:\/\/physio-vitalis-elmshorn.de\/wp-content\/uploads\/2018\/06\/shapeimage_3.png 365w\" sizes=\"(max-width: 300px) 100vw, 300px\" \/><\/span><\/p>\n<p class=\"paragraph_style_1\"><span class=\"style_1\">In diesem Bereich arbeiten wir mit unterschiedlichen Techniken \/ Anwendungen \/ \u00dcbungen, speziell auf ihre Beschwerden ausgerichtet.<br \/>\n<\/span><\/p>\n<p class=\"paragraph_style_1\"><span class=\"style_1\">Diese m\u00f6gen Ihnen helfen, die vorhandenen &#8222;Funktionsst\u00f6rungen&#8220;, welche sich oft, wenn nicht rechtzeitig erkannt, durch Schmerzen ausdr\u00fccken, wieder zu optimieren.<br \/>\n<\/span><\/p>\n<p class=\"paragraph_style_1\"><span class=\"style_1\">Dabei ist es uns wichtig, dass Sie auch ihren K\u00f6rper wieder lernen besser zu verstehen, um aktiv an der Heilung mitwirken zu k\u00f6nnen durch z.B.\u00a0wieder verbessertes K\u00f6rpergef\u00fchl und Haltung. Gerne sind wir dabei behilflich.\u00a0 <\/span><\/p>\n<p class=\"paragraph_style_2\"><span class=\"style_3\">\u00a0<\/span><\/p>\n<\/div>\n<div class=\"tinyText\"><\/div>\n","protected":false},"excerpt":{"rendered":"<p>Physiotherapie \/ Krankengymnastik In diesem Bereich arbeiten wir mit unterschiedlichen Techniken \/ Anwendungen \/ \u00dcbungen, speziell auf ihre Beschwerden ausgerichtet. Diese m\u00f6gen Ihnen helfen, die vorhandenen &#8222;Funktionsst\u00f6rungen&#8220;, welche sich oft, wenn nicht rechtzeitig erkannt, durch Schmerzen ausdr\u00fccken, wieder zu optimieren. Dabei ist es uns wichtig, dass Sie auch ihren K\u00f6rper wieder lernen besser zu verstehen, &hellip; <\/p>\n<p class=\"link-more\"><a href=\"https:\/\/physio-vitalis-elmshorn.de\/?page_id=16\" class=\"more-link\"><span class=\"screen-reader-text\">\u201eKrankengymnastik\u201c<\/span> weiterlesen<\/a><\/p>\n","protected":false},"author":1,"featured_media":0,"parent":2,"menu_order":2,"comment_status":"closed","ping_status":"closed","template":"","meta":[],"_links":{"self":[{"href":"https:\/\/physio-vitalis-elmshorn.de\/index.php?rest_route=\/wp\/v2\/pages\/16"}],"collection":[{"href":"https:\/\/physio-vitalis-elmshorn.de\/index.php?rest_route=\/wp\/v2\/pages"}],"about":[{"href":"https:\/\/physio-vitalis-elmshorn.de\/index.php?rest_route=\/wp\/v2\/types\/page"}],"author":[{"embeddable":true,"href":"https:\/\/physio-vitalis-elmshorn.de\/index.php?rest_route=\/wp\/v2\/users\/1"}],"replies":[{"embeddable":true,"href":"https:\/\/physio-vitalis-elmshorn.de\/index.php?rest_route=%2Fwp%2Fv2%2Fcomments&post=16"}],"version-history":[{"count":10,"href":"https:\/\/physio-vitalis-elmshorn.de\/index.php?rest_route=\/wp\/v2\/pages\/16\/revisions"}],"predecessor-version":[{"id":143,"href":"https:\/\/physio-vitalis-elmshorn.de\/index.php?rest_route=\/wp\/v2\/pages\/16\/revisions\/143"}],"up":[{"embeddable":true,"href":"https:\/\/physio-vitalis-elmshorn.de\/index.php?rest_route=\/wp\/v2\/pages\/2"}],"wp:attachment":[{"href":"https:\/\/physio-vitalis-elmshorn.de\/index.php?rest_route=%2Fwp%2Fv2%2Fmedia&parent=16"}],"curies":[{"name":"wp","href":"https:\/\/api.w.org\/{rel}","templated":true}]}}