{"id":44,"date":"2018-06-03T19:35:30","date_gmt":"2018-06-03T18:35:30","guid":{"rendered":"https:\/\/physio-vitalis-elmshorn.de\/?page_id=44"},"modified":"2025-06-05T16:29:15","modified_gmt":"2025-06-05T15:29:15","slug":"anfahrt","status":"publish","type":"page","link":"https:\/\/physio-vitalis-elmshorn.de\/?page_id=44","title":{"rendered":"Anfahrt"},"content":{"rendered":"<div class=\"style\">\n<p>Anfahrt<\/p>\n<p class=\"paragraph_style_2\"><span class=\"style_2\">Der Gewerbepark Deichstrasse 6 befindet sich auf der R\u00fcckseite vom Hayunga Geb\u00e4ude am Wedenkamp.<br \/>\n<\/span><\/p>\n<p class=\"paragraph_style_2\"><span class=\"style_2\">Sie gelangen zu uns mit dem Auto, in dem Sie die neue K\u00e4pten-J\u00fcrs-Br\u00fccke befahren und von dort direkt in die neu gebaute Deichstrasse abbiegen.<br \/>\n<\/span><\/p>\n<p class=\"paragraph_style_2\"><span class=\"style_2\">Zu Fuss (oder mit dem Fahrrad) k\u00f6nnen Sie auch weiterhin \u00fcber den Hayunga, Aldi Parkplatz am Wedenkamp gehen.<br \/>\n<\/span><\/p>\n<p class=\"paragraph_style_2\"><span class=\"style_2\">Parkm\u00f6glichkeiten sind direkt vor dem Gewerbegeb\u00e4ude vorhanden.<br \/>\n<\/span><\/p>\n<p class=\"paragraph_style_2\"><span class=\"style_2\">Wir befinden uns im 1. Stock.<\/span><\/p>\n<p class=\"paragraph_style_3\"><span class=\"style_4\">\u00a0<\/span><\/p>\n<\/div>\n<div class=\"tinyText\"><\/div>\n","protected":false},"excerpt":{"rendered":"<p>Anfahrt Der Gewerbepark Deichstrasse 6 befindet sich auf der R\u00fcckseite vom Hayunga Geb\u00e4ude am Wedenkamp. Sie gelangen zu uns mit dem Auto, in dem Sie die neue K\u00e4pten-J\u00fcrs-Br\u00fccke befahren und von dort direkt in die neu gebaute Deichstrasse abbiegen. Zu Fuss (oder mit dem Fahrrad) k\u00f6nnen Sie auch weiterhin \u00fcber den Hayunga, Aldi Parkplatz am &hellip; <\/p>\n<p class=\"link-more\"><a href=\"https:\/\/physio-vitalis-elmshorn.de\/?page_id=44\" class=\"more-link\"><span class=\"screen-reader-text\">\u201eAnfahrt\u201c<\/span> weiterlesen<\/a><\/p>\n","protected":false},"author":1,"featured_media":0,"parent":2,"menu_order":4,"comment_status":"closed","ping_status":"closed","template":"","meta":[],"_links":{"self":[{"href":"https:\/\/physio-vitalis-elmshorn.de\/index.php?rest_route=\/wp\/v2\/pages\/44"}],"collection":[{"href":"https:\/\/physio-vitalis-elmshorn.de\/index.php?rest_route=\/wp\/v2\/pages"}],"about":[{"href":"https:\/\/physio-vitalis-elmshorn.de\/index.php?rest_route=\/wp\/v2\/types\/page"}],"author":[{"embeddable":true,"href":"https:\/\/physio-vitalis-elmshorn.de\/index.php?rest_route=\/wp\/v2\/users\/1"}],"replies":[{"embeddable":true,"href":"https:\/\/physio-vitalis-elmshorn.de\/index.php?rest_route=%2Fwp%2Fv2%2Fcomments&post=44"}],"version-history":[{"count":6,"href":"https:\/\/physio-vitalis-elmshorn.de\/index.php?rest_route=\/wp\/v2\/pages\/44\/revisions"}],"predecessor-version":[{"id":145,"href":"https:\/\/physio-vitalis-elmshorn.de\/index.php?rest_route=\/wp\/v2\/pages\/44\/revisions\/145"}],"up":[{"embeddable":true,"href":"https:\/\/physio-vitalis-elmshorn.de\/index.php?rest_route=\/wp\/v2\/pages\/2"}],"wp:attachment":[{"href":"https:\/\/physio-vitalis-elmshorn.de\/index.php?rest_route=%2Fwp%2Fv2%2Fmedia&parent=44"}],"curies":[{"name":"wp","href":"https:\/\/api.w.org\/{rel}","templated":true}]}}